{"id":519,"date":"2024-05-08T21:23:52","date_gmt":"2024-05-08T21:23:52","guid":{"rendered":"https:\/\/riverrink.cz\/?page_id=519"},"modified":"2026-03-08T20:28:15","modified_gmt":"2026-03-08T20:28:15","slug":"relax","status":"publish","type":"page","link":"https:\/\/riverrink.cz\/en\/relax\/","title":{"rendered":"Relax"},"content":{"rendered":"\t\t<div data-elementor-type=\"wp-page\" data-elementor-id=\"519\" class=\"elementor elementor-519\" data-elementor-post-type=\"page\">\n\t\t\t\t<div class=\"elementor-element elementor-element-5a2230db e-con-full e-flex e-con e-parent\" data-id=\"5a2230db\" data-element_type=\"container\" data-e-type=\"container\" data-settings=\"{&quot;background_background&quot;:&quot;slideshow&quot;,&quot;background_slideshow_gallery&quot;:[{&quot;id&quot;:578,&quot;url&quot;:&quot;https:\\\/\\\/riverrink.cz\\\/wp-content\\\/uploads\\\/2024\\\/05\\\/events-dsp_rr_summer-10-mensi-1.jpg&quot;}],&quot;background_slideshow_slide_duration&quot;:1500,&quot;background_slideshow_transition_duration&quot;:2500,&quot;background_slideshow_loop&quot;:&quot;yes&quot;,&quot;background_slideshow_slide_transition&quot;:&quot;fade&quot;}\">\n\t\t<div class=\"elementor-element elementor-element-68854bcb e-con-full e-flex e-con e-child\" data-id=\"68854bcb\" data-element_type=\"container\" data-e-type=\"container\">\n\t\t\t\t<div class=\"elementor-element elementor-element-19dd6cd3 elementor-hidden-desktop elementor-hidden-laptop elementor-hidden-tablet_extra elementor-hidden-tablet elementor-hidden-mobile elementor-widget elementor-widget-image\" data-id=\"19dd6cd3\" data-element_type=\"widget\" data-e-type=\"widget\" data-widget_type=\"image.default\">\n\t\t\t\t\t\t\t\t\t\t\t\t\t\t\t<img fetchpriority=\"high\" decoding=\"async\" width=\"800\" height=\"453\" src=\"https:\/\/riverrink.cz\/wp-content\/uploads\/2024\/05\/river-rink-logo-letni_white.png\" class=\"attachment-large size-large wp-image-57\" alt=\"\" srcset=\"https:\/\/riverrink.cz\/wp-content\/uploads\/2024\/05\/river-rink-logo-letni_white.png 1000w, https:\/\/riverrink.cz\/wp-content\/uploads\/2024\/05\/river-rink-logo-letni_white-300x170.png 300w, https:\/\/riverrink.cz\/wp-content\/uploads\/2024\/05\/river-rink-logo-letni_white-768x435.png 768w\" sizes=\"(max-width: 800px) 100vw, 800px\" \/>\t\t\t\t\t\t\t\t\t\t\t\t\t\t\t<\/div>\n\t\t\t\t<div class=\"elementor-element elementor-element-6ce6f1e2 elementor-hidden-desktop elementor-hidden-laptop elementor-hidden-tablet_extra elementor-hidden-tablet elementor-hidden-mobile elementor-widget elementor-widget-image\" data-id=\"6ce6f1e2\" data-element_type=\"widget\" data-e-type=\"widget\" data-widget_type=\"image.default\">\n\t\t\t\t\t\t\t\t\t\t\t\t\t\t\t<img fetchpriority=\"high\" decoding=\"async\" width=\"800\" height=\"453\" src=\"https:\/\/riverrink.cz\/wp-content\/uploads\/2024\/05\/river-rink-logo-letni_white.png\" class=\"attachment-large size-large wp-image-57\" alt=\"\" srcset=\"https:\/\/riverrink.cz\/wp-content\/uploads\/2024\/05\/river-rink-logo-letni_white.png 1000w, https:\/\/riverrink.cz\/wp-content\/uploads\/2024\/05\/river-rink-logo-letni_white-300x170.png 300w, https:\/\/riverrink.cz\/wp-content\/uploads\/2024\/05\/river-rink-logo-letni_white-768x435.png 768w\" sizes=\"(max-width: 800px) 100vw, 800px\" \/>\t\t\t\t\t\t\t\t\t\t\t\t\t\t\t<\/div>\n\t\t\t\t<\/div>\n\t\t<div class=\"elementor-element elementor-element-5dc4d48f e-con-full e-flex e-con e-child\" data-id=\"5dc4d48f\" data-element_type=\"container\" data-e-type=\"container\">\n\t\t\t\t<div class=\"elementor-element elementor-element-2f609030 elementor-widget__width-initial elementor-hidden-desktop elementor-hidden-laptop elementor-hidden-tablet_extra elementor-hidden-tablet elementor-hidden-mobile elementor-widget elementor-widget-heading\" data-id=\"2f609030\" data-element_type=\"widget\" data-e-type=\"widget\" data-widget_type=\"heading.default\">\n\t\t\t\t\t<h3 class=\"elementor-heading-title elementor-size-default\">#chillureky<\/h3>\t\t\t\t<\/div>\n\t\t\t\t<\/div>\n\t\t\t\t<\/div>\n\t\t<div class=\"elementor-element elementor-element-3a9a5315 e-con-full e-flex e-con e-parent\" data-id=\"3a9a5315\" data-element_type=\"container\" data-e-type=\"container\" data-settings=\"{&quot;background_background&quot;:&quot;classic&quot;}\">\n\t\t<div class=\"elementor-element elementor-element-509e4925 e-con-full e-flex e-con e-child\" data-id=\"509e4925\" data-element_type=\"container\" data-e-type=\"container\">\n\t\t\t\t<div class=\"elementor-element elementor-element-c74c979 elementor-widget__width-initial elementor-widget elementor-widget-heading\" data-id=\"c74c979\" data-element_type=\"widget\" data-e-type=\"widget\" data-widget_type=\"heading.default\">\n\t\t\t\t\t<h1 class=\"elementor-heading-title elementor-size-default\">Relax<\/h1>\t\t\t\t<\/div>\n\t\t\t\t<div class=\"elementor-element elementor-element-40dec62c elementor-widget__width-initial elementor-widget elementor-widget-heading\" data-id=\"40dec62c\" data-element_type=\"widget\" data-e-type=\"widget\" data-widget_type=\"heading.default\">\n\t\t\t\t\t<h4 class=\"elementor-heading-title elementor-size-default\">Proch\u00e1zky pod\u00e9l Vltavy, chill v&nbsp;parku, pin\u010des s&nbsp;k\u00e1mo\u0161i nebo lekce j\u00f3gy. River Rink najde\u0161 v&nbsp;srdci Karl\u00edna u&nbsp;\u0159eky, v&nbsp;zelen\u00e9 o\u00e1ze s&nbsp;parkem a&nbsp;asfaltovou cyklostezkou.<\/h4>\t\t\t\t<\/div>\n\t\t\t\t<\/div>\n\t\t<div class=\"elementor-element elementor-element-57a7bb79 e-con-full e-flex e-con e-child\" data-id=\"57a7bb79\" data-element_type=\"container\" data-e-type=\"container\">\n\t\t\t\t<div class=\"elementor-element elementor-element-13d7f598 elementor-widget elementor-widget-button\" data-id=\"13d7f598\" data-element_type=\"widget\" data-e-type=\"widget\" data-widget_type=\"button.default\">\n\t\t\t\t\t\t\t\t\t\t<a class=\"elementor-button elementor-size-sm\" role=\"button\">\n\t\t\t\t\t\t<span class=\"elementor-button-content-wrapper\">\n\t\t\t\t\t\t\t\t\t<span class=\"elementor-button-text\">ping pong<\/span>\n\t\t\t\t\t<\/span>\n\t\t\t\t\t<\/a>\n\t\t\t\t\t\t\t\t<\/div>\n\t\t\t\t<div class=\"elementor-element elementor-element-3970580c elementor-widget elementor-widget-button\" data-id=\"3970580c\" data-element_type=\"widget\" data-e-type=\"widget\" data-widget_type=\"button.default\">\n\t\t\t\t\t\t\t\t\t\t<a class=\"elementor-button elementor-size-sm\" role=\"button\">\n\t\t\t\t\t\t<span class=\"elementor-button-content-wrapper\">\n\t\t\t\t\t\t\t\t\t<span class=\"elementor-button-text\">j\u00f3ga<\/span>\n\t\t\t\t\t<\/span>\n\t\t\t\t\t<\/a>\n\t\t\t\t\t\t\t\t<\/div>\n\t\t\t\t<div class=\"elementor-element elementor-element-20a7fba elementor-widget elementor-widget-button\" data-id=\"20a7fba\" data-element_type=\"widget\" data-e-type=\"widget\" data-widget_type=\"button.default\">\n\t\t\t\t\t\t\t\t\t\t<a class=\"elementor-button elementor-size-sm\" role=\"button\">\n\t\t\t\t\t\t<span class=\"elementor-button-content-wrapper\">\n\t\t\t\t\t\t\t\t\t<span class=\"elementor-button-text\">park s d\u0159ev\u011bn\u00fdm p\u00f3diem<\/span>\n\t\t\t\t\t<\/span>\n\t\t\t\t\t<\/a>\n\t\t\t\t\t\t\t\t<\/div>\n\t\t\t\t<div class=\"elementor-element elementor-element-442545f9 elementor-widget elementor-widget-button\" data-id=\"442545f9\" data-element_type=\"widget\" data-e-type=\"widget\" data-widget_type=\"button.default\">\n\t\t\t\t\t\t\t\t\t\t<a class=\"elementor-button elementor-size-sm\" role=\"button\">\n\t\t\t\t\t\t<span class=\"elementor-button-content-wrapper\">\n\t\t\t\t\t\t\t\t\t<span class=\"elementor-button-text\">relaxa\u010dn\u00ed k\u0159esla<\/span>\n\t\t\t\t\t<\/span>\n\t\t\t\t\t<\/a>\n\t\t\t\t\t\t\t\t<\/div>\n\t\t\t\t<div class=\"elementor-element elementor-element-a5b1bd5 elementor-widget elementor-widget-button\" data-id=\"a5b1bd5\" data-element_type=\"widget\" data-e-type=\"widget\" data-widget_type=\"button.default\">\n\t\t\t\t\t\t\t\t\t\t<a class=\"elementor-button elementor-size-sm\" role=\"button\">\n\t\t\t\t\t\t<span class=\"elementor-button-content-wrapper\">\n\t\t\t\t\t\t\t\t\t<span class=\"elementor-button-text\">proch\u00e1zky pod\u00e9l Vltavy <\/span>\n\t\t\t\t\t<\/span>\n\t\t\t\t\t<\/a>\n\t\t\t\t\t\t\t\t<\/div>\n\t\t\t\t<div class=\"elementor-element elementor-element-58b1242b elementor-widget elementor-widget-button\" data-id=\"58b1242b\" data-element_type=\"widget\" data-e-type=\"widget\" data-widget_type=\"button.default\">\n\t\t\t\t\t\t\t\t\t\t<a class=\"elementor-button elementor-size-sm\" role=\"button\">\n\t\t\t\t\t\t<span class=\"elementor-button-content-wrapper\">\n\t\t\t\t\t\t\t\t\t<span class=\"elementor-button-text\">brusle, kolo, kolob\u011b\u017eka <\/span>\n\t\t\t\t\t<\/span>\n\t\t\t\t\t<\/a>\n\t\t\t\t\t\t\t\t<\/div>\n\t\t\t\t<\/div>\n\t\t\t\t<\/div>\n\t\t<div class=\"elementor-element elementor-element-6602621 e-con-full e-flex e-con e-parent\" data-id=\"6602621\" data-element_type=\"container\" data-e-type=\"container\" data-settings=\"{&quot;background_background&quot;:&quot;classic&quot;}\">\n\t\t<div class=\"elementor-element elementor-element-43e19968 e-con-full e-flex e-con e-child\" data-id=\"43e19968\" data-element_type=\"container\" data-e-type=\"container\">\n\t\t\t\t<div class=\"elementor-element elementor-element-47e96809 elementor-widget elementor-widget-gallery\" data-id=\"47e96809\" data-element_type=\"widget\" data-e-type=\"widget\" data-settings=\"{&quot;gallery_layout&quot;:&quot;masonry&quot;,&quot;columns_laptop&quot;:2,&quot;gap_laptop&quot;:{&quot;unit&quot;:&quot;px&quot;,&quot;size&quot;:8,&quot;sizes&quot;:[]},&quot;columns_mobile&quot;:2,&quot;columns&quot;:3,&quot;columns_tablet&quot;:2,&quot;gap&quot;:{&quot;unit&quot;:&quot;px&quot;,&quot;size&quot;:10,&quot;sizes&quot;:[]},&quot;gap_tablet_extra&quot;:{&quot;unit&quot;:&quot;px&quot;,&quot;size&quot;:10,&quot;sizes&quot;:[]},&quot;gap_tablet&quot;:{&quot;unit&quot;:&quot;px&quot;,&quot;size&quot;:10,&quot;sizes&quot;:[]},&quot;gap_mobile&quot;:{&quot;unit&quot;:&quot;px&quot;,&quot;size&quot;:10,&quot;sizes&quot;:[]},&quot;link_to&quot;:&quot;file&quot;,&quot;overlay_background&quot;:&quot;yes&quot;,&quot;content_hover_animation&quot;:&quot;fade-in&quot;}\" data-widget_type=\"gallery.default\">\n\t\t\t\t\t\t\t<div class=\"elementor-gallery__container\">\n\t\t\t\t\t\t\t<a class=\"e-gallery-item elementor-gallery-item elementor-animated-content\" href=\"https:\/\/riverrink.cz\/wp-content\/uploads\/2024\/05\/relax-IMG_3135_edited-web.jpg\" data-elementor-open-lightbox=\"yes\" data-elementor-lightbox-slideshow=\"47e96809\" data-elementor-lightbox-title=\"relax-IMG_3135_edited-web\" data-e-action-hash=\"#elementor-action%3Aaction%3Dlightbox%26settings%3DeyJpZCI6NzU4LCJ1cmwiOiJodHRwczpcL1wvcml2ZXJyaW5rLmN6XC93cC1jb250ZW50XC91cGxvYWRzXC8yMDI0XC8wNVwvcmVsYXgtSU1HXzMxMzVfZWRpdGVkLXdlYi5qcGciLCJzbGlkZXNob3ciOiI0N2U5NjgwOSJ9\">\n\t\t\t\t\t<div class=\"e-gallery-image elementor-gallery-item__image\" data-thumbnail=\"https:\/\/riverrink.cz\/wp-content\/uploads\/2024\/05\/relax-IMG_3135_edited-web-768x512.jpg\" data-width=\"768\" data-height=\"512\" aria-label=\"\" role=\"img\" ><\/div>\n\t\t\t\t\t\t\t\t\t\t\t<div class=\"elementor-gallery-item__overlay\"><\/div>\n\t\t\t\t\t\t\t\t\t\t\t\t\t\t<\/a>\n\t\t\t\t\t\t\t<a class=\"e-gallery-item elementor-gallery-item elementor-animated-content\" href=\"https:\/\/riverrink.cz\/wp-content\/uploads\/2024\/05\/relax-yoga-PYC-Karlin-Studio-Group-02-2024-Alexandra-Siebenthal-2023-HighRes-5295.jpg\" data-elementor-open-lightbox=\"yes\" data-elementor-lightbox-slideshow=\"47e96809\" data-elementor-lightbox-title=\"relax-yoga-PYC-Karlin-Studio-Group-02-2024-Alexandra-Siebenthal-2023-HighRes-5295\" data-e-action-hash=\"#elementor-action%3Aaction%3Dlightbox%26settings%3DeyJpZCI6NzY2LCJ1cmwiOiJodHRwczpcL1wvcml2ZXJyaW5rLmN6XC93cC1jb250ZW50XC91cGxvYWRzXC8yMDI0XC8wNVwvcmVsYXgteW9nYS1QWUMtS2FybGluLVN0dWRpby1Hcm91cC0wMi0yMDI0LUFsZXhhbmRyYS1TaWViZW50aGFsLTIwMjMtSGlnaFJlcy01Mjk1LmpwZyIsInNsaWRlc2hvdyI6IjQ3ZTk2ODA5In0%3D\">\n\t\t\t\t\t<div class=\"e-gallery-image elementor-gallery-item__image\" data-thumbnail=\"https:\/\/riverrink.cz\/wp-content\/uploads\/2024\/05\/relax-yoga-PYC-Karlin-Studio-Group-02-2024-Alexandra-Siebenthal-2023-HighRes-5295-768x511.jpg\" data-width=\"768\" data-height=\"511\" aria-label=\"\" role=\"img\" ><\/div>\n\t\t\t\t\t\t\t\t\t\t\t<div class=\"elementor-gallery-item__overlay\"><\/div>\n\t\t\t\t\t\t\t\t\t\t\t\t\t\t<\/a>\n\t\t\t\t\t\t\t<a class=\"e-gallery-item elementor-gallery-item elementor-animated-content\" href=\"https:\/\/riverrink.cz\/wp-content\/uploads\/2024\/05\/relax-IMG_3163_edited-web.jpg\" data-elementor-open-lightbox=\"yes\" data-elementor-lightbox-slideshow=\"47e96809\" data-elementor-lightbox-title=\"relax-IMG_3163_edited-web\" data-e-action-hash=\"#elementor-action%3Aaction%3Dlightbox%26settings%3DeyJpZCI6NzU5LCJ1cmwiOiJodHRwczpcL1wvcml2ZXJyaW5rLmN6XC93cC1jb250ZW50XC91cGxvYWRzXC8yMDI0XC8wNVwvcmVsYXgtSU1HXzMxNjNfZWRpdGVkLXdlYi5qcGciLCJzbGlkZXNob3ciOiI0N2U5NjgwOSJ9\">\n\t\t\t\t\t<div class=\"e-gallery-image elementor-gallery-item__image\" data-thumbnail=\"https:\/\/riverrink.cz\/wp-content\/uploads\/2024\/05\/relax-IMG_3163_edited-web-768x512.jpg\" data-width=\"768\" data-height=\"512\" aria-label=\"\" role=\"img\" ><\/div>\n\t\t\t\t\t\t\t\t\t\t\t<div class=\"elementor-gallery-item__overlay\"><\/div>\n\t\t\t\t\t\t\t\t\t\t\t\t\t\t<\/a>\n\t\t\t\t\t\t\t<a class=\"e-gallery-item elementor-gallery-item elementor-animated-content\" href=\"https:\/\/riverrink.cz\/wp-content\/uploads\/2024\/05\/relax-IMG_3207_edited-web.jpg\" data-elementor-open-lightbox=\"yes\" data-elementor-lightbox-slideshow=\"47e96809\" data-elementor-lightbox-title=\"relax-IMG_3207_edited-web\" data-e-action-hash=\"#elementor-action%3Aaction%3Dlightbox%26settings%3DeyJpZCI6NzYwLCJ1cmwiOiJodHRwczpcL1wvcml2ZXJyaW5rLmN6XC93cC1jb250ZW50XC91cGxvYWRzXC8yMDI0XC8wNVwvcmVsYXgtSU1HXzMyMDdfZWRpdGVkLXdlYi5qcGciLCJzbGlkZXNob3ciOiI0N2U5NjgwOSJ9\">\n\t\t\t\t\t<div class=\"e-gallery-image elementor-gallery-item__image\" data-thumbnail=\"https:\/\/riverrink.cz\/wp-content\/uploads\/2024\/05\/relax-IMG_3207_edited-web-768x512.jpg\" data-width=\"768\" data-height=\"512\" aria-label=\"\" role=\"img\" ><\/div>\n\t\t\t\t\t\t\t\t\t\t\t<div class=\"elementor-gallery-item__overlay\"><\/div>\n\t\t\t\t\t\t\t\t\t\t\t\t\t\t<\/a>\n\t\t\t\t\t\t\t<a class=\"e-gallery-item elementor-gallery-item elementor-animated-content\" href=\"https:\/\/riverrink.cz\/wp-content\/uploads\/2024\/05\/relax-podium-petrvagner-13-web.jpg\" data-elementor-open-lightbox=\"yes\" data-elementor-lightbox-slideshow=\"47e96809\" data-elementor-lightbox-title=\"relax-podium-petrvagner-13-web\" data-e-action-hash=\"#elementor-action%3Aaction%3Dlightbox%26settings%3DeyJpZCI6NzY3LCJ1cmwiOiJodHRwczpcL1wvcml2ZXJyaW5rLmN6XC93cC1jb250ZW50XC91cGxvYWRzXC8yMDI0XC8wNVwvcmVsYXgtcG9kaXVtLXBldHJ2YWduZXItMTMtd2ViLmpwZyIsInNsaWRlc2hvdyI6IjQ3ZTk2ODA5In0%3D\">\n\t\t\t\t\t<div class=\"e-gallery-image elementor-gallery-item__image\" data-thumbnail=\"https:\/\/riverrink.cz\/wp-content\/uploads\/2024\/05\/relax-podium-petrvagner-13-web-768x512.jpg\" data-width=\"768\" data-height=\"512\" aria-label=\"\" role=\"img\" ><\/div>\n\t\t\t\t\t\t\t\t\t\t\t<div class=\"elementor-gallery-item__overlay\"><\/div>\n\t\t\t\t\t\t\t\t\t\t\t\t\t\t<\/a>\n\t\t\t\t\t\t\t<a class=\"e-gallery-item elementor-gallery-item elementor-animated-content\" href=\"https:\/\/riverrink.cz\/wp-content\/uploads\/2024\/05\/relax-IMG_3096_edited-web.jpg\" data-elementor-open-lightbox=\"yes\" data-elementor-lightbox-slideshow=\"47e96809\" data-elementor-lightbox-title=\"relax-IMG_3096_edited-web\" data-e-action-hash=\"#elementor-action%3Aaction%3Dlightbox%26settings%3DeyJpZCI6NzcxLCJ1cmwiOiJodHRwczpcL1wvcml2ZXJyaW5rLmN6XC93cC1jb250ZW50XC91cGxvYWRzXC8yMDI0XC8wNVwvcmVsYXgtSU1HXzMwOTZfZWRpdGVkLXdlYi5qcGciLCJzbGlkZXNob3ciOiI0N2U5NjgwOSJ9\">\n\t\t\t\t\t<div class=\"e-gallery-image elementor-gallery-item__image\" data-thumbnail=\"https:\/\/riverrink.cz\/wp-content\/uploads\/2024\/05\/relax-IMG_3096_edited-web-768x512.jpg\" data-width=\"768\" data-height=\"512\" aria-label=\"\" role=\"img\" ><\/div>\n\t\t\t\t\t\t\t\t\t\t\t<div class=\"elementor-gallery-item__overlay\"><\/div>\n\t\t\t\t\t\t\t\t\t\t\t\t\t\t<\/a>\n\t\t\t\t\t\t\t<a class=\"e-gallery-item elementor-gallery-item elementor-animated-content\" href=\"https:\/\/riverrink.cz\/wp-content\/uploads\/2024\/05\/relax-IMG_3212_edited-web.jpg\" data-elementor-open-lightbox=\"yes\" data-elementor-lightbox-slideshow=\"47e96809\" data-elementor-lightbox-title=\"relax-IMG_3212_edited-web\" data-e-action-hash=\"#elementor-action%3Aaction%3Dlightbox%26settings%3DeyJpZCI6NzYxLCJ1cmwiOiJodHRwczpcL1wvcml2ZXJyaW5rLmN6XC93cC1jb250ZW50XC91cGxvYWRzXC8yMDI0XC8wNVwvcmVsYXgtSU1HXzMyMTJfZWRpdGVkLXdlYi5qcGciLCJzbGlkZXNob3ciOiI0N2U5NjgwOSJ9\">\n\t\t\t\t\t<div class=\"e-gallery-image elementor-gallery-item__image\" data-thumbnail=\"https:\/\/riverrink.cz\/wp-content\/uploads\/2024\/05\/relax-IMG_3212_edited-web-768x512.jpg\" data-width=\"768\" data-height=\"512\" aria-label=\"\" role=\"img\" ><\/div>\n\t\t\t\t\t\t\t\t\t\t\t<div class=\"elementor-gallery-item__overlay\"><\/div>\n\t\t\t\t\t\t\t\t\t\t\t\t\t\t<\/a>\n\t\t\t\t\t\t\t<a class=\"e-gallery-item elementor-gallery-item elementor-animated-content\" href=\"https:\/\/riverrink.cz\/wp-content\/uploads\/2024\/05\/relax-brusle-web.jpg\" data-elementor-open-lightbox=\"yes\" data-elementor-lightbox-slideshow=\"47e96809\" data-elementor-lightbox-title=\"relax-brusle-web\" data-e-action-hash=\"#elementor-action%3Aaction%3Dlightbox%26settings%3DeyJpZCI6NzYyLCJ1cmwiOiJodHRwczpcL1wvcml2ZXJyaW5rLmN6XC93cC1jb250ZW50XC91cGxvYWRzXC8yMDI0XC8wNVwvcmVsYXgtYnJ1c2xlLXdlYi5qcGciLCJzbGlkZXNob3ciOiI0N2U5NjgwOSJ9\">\n\t\t\t\t\t<div class=\"e-gallery-image elementor-gallery-item__image\" data-thumbnail=\"https:\/\/riverrink.cz\/wp-content\/uploads\/2024\/05\/relax-brusle-web-768x512.jpg\" data-width=\"768\" data-height=\"512\" aria-label=\"\" role=\"img\" ><\/div>\n\t\t\t\t\t\t\t\t\t\t\t<div class=\"elementor-gallery-item__overlay\"><\/div>\n\t\t\t\t\t\t\t\t\t\t\t\t\t\t<\/a>\n\t\t\t\t\t\t\t<a class=\"e-gallery-item elementor-gallery-item elementor-animated-content\" href=\"https:\/\/riverrink.cz\/wp-content\/uploads\/2024\/05\/relax-IMG_3103_edited-web.jpg\" data-elementor-open-lightbox=\"yes\" data-elementor-lightbox-slideshow=\"47e96809\" data-elementor-lightbox-title=\"relax-IMG_3103_edited-web\" data-e-action-hash=\"#elementor-action%3Aaction%3Dlightbox%26settings%3DeyJpZCI6NzY0LCJ1cmwiOiJodHRwczpcL1wvcml2ZXJyaW5rLmN6XC93cC1jb250ZW50XC91cGxvYWRzXC8yMDI0XC8wNVwvcmVsYXgtSU1HXzMxMDNfZWRpdGVkLXdlYi5qcGciLCJzbGlkZXNob3ciOiI0N2U5NjgwOSJ9\">\n\t\t\t\t\t<div class=\"e-gallery-image elementor-gallery-item__image\" data-thumbnail=\"https:\/\/riverrink.cz\/wp-content\/uploads\/2024\/05\/relax-IMG_3103_edited-web-768x512.jpg\" data-width=\"768\" data-height=\"512\" aria-label=\"\" role=\"img\" ><\/div>\n\t\t\t\t\t\t\t\t\t\t\t<div class=\"elementor-gallery-item__overlay\"><\/div>\n\t\t\t\t\t\t\t\t\t\t\t\t\t\t<\/a>\n\t\t\t\t\t<\/div>\n\t\t\t\t\t<\/div>\n\t\t\t\t<\/div>\n\t\t\t\t<\/div>\n\t\t\t\t<\/div>\n\t\t","protected":false},"excerpt":{"rendered":"<p>Strolls along the Vltava, chilling in the park, snacks with friends, or yoga classes. You'll find River Rink in the heart of Karl\u00edn by the river, in a green oasis with a park and an asphalt bike path.<\/p>","protected":false},"author":1,"featured_media":578,"parent":0,"menu_order":0,"comment_status":"closed","ping_status":"closed","template":"","meta":{"_seopress_robots_primary_cat":"","_seopress_titles_title":"River Rink Karl\u00edn \/ Relax","_seopress_titles_desc":"Proch\u00e1zky pod\u00e9l Vltavy, chill v&nbsp;parku, pin\u010des s&nbsp;k\u00e1mo\u0161i nebo lekce j\u00f3gy. River Rink najde\u0161 v&nbsp;srdci Karl\u00edna u&nbsp;\u0159eky, v&nbsp;zelen\u00e9 o\u00e1ze s&nbsp;parkem a&nbsp;asfaltovou cyklostezkou.","_seopress_robots_index":"","footnotes":""},"class_list":["post-519","page","type-page","status-publish","has-post-thumbnail","hentry"],"_links":{"self":[{"href":"https:\/\/riverrink.cz\/en\/wp-json\/wp\/v2\/pages\/519","targetHints":{"allow":["GET"]}}],"collection":[{"href":"https:\/\/riverrink.cz\/en\/wp-json\/wp\/v2\/pages"}],"about":[{"href":"https:\/\/riverrink.cz\/en\/wp-json\/wp\/v2\/types\/page"}],"author":[{"embeddable":true,"href":"https:\/\/riverrink.cz\/en\/wp-json\/wp\/v2\/users\/1"}],"replies":[{"embeddable":true,"href":"https:\/\/riverrink.cz\/en\/wp-json\/wp\/v2\/comments?post=519"}],"version-history":[{"count":65,"href":"https:\/\/riverrink.cz\/en\/wp-json\/wp\/v2\/pages\/519\/revisions"}],"predecessor-version":[{"id":3034,"href":"https:\/\/riverrink.cz\/en\/wp-json\/wp\/v2\/pages\/519\/revisions\/3034"}],"wp:featuredmedia":[{"embeddable":true,"href":"https:\/\/riverrink.cz\/en\/wp-json\/wp\/v2\/media\/578"}],"wp:attachment":[{"href":"https:\/\/riverrink.cz\/en\/wp-json\/wp\/v2\/media?parent=519"}],"curies":[{"name":"wp","href":"https:\/\/api.w.org\/{rel}","templated":true}]}}